{"id":955,"date":"2021-10-13T09:52:41","date_gmt":"2021-10-13T09:52:41","guid":{"rendered":"https:\/\/lesgitesdebouxhmont.com\/?page_id=955"},"modified":"2021-10-13T13:13:38","modified_gmt":"2021-10-13T13:13:38","slug":"liste-detaillee-des-equipements","status":"publish","type":"page","link":"https:\/\/lesgitesdebouxhmont.com\/?page_id=955","title":{"rendered":"Liste d\u00e9taill\u00e9e des \u00e9quipements"},"content":{"rendered":"\n<h2 class=\"has-text-align-center has-suki-color-3-color has-text-color wp-block-heading\">Liste d\u00e9taill\u00e9e des \u00e9quipements<\/h2>\n\n\n\n<div style=\"height:20px\" aria-hidden=\"true\" class=\"wp-block-spacer\"><\/div>\n\n\n\n<div class=\"wp-block-columns alignwide is-layout-flex wp-container-core-columns-is-layout-9d6595d7 wp-block-columns-is-layout-flex\">\n<div class=\"wp-block-column is-layout-flow wp-block-column-is-layout-flow\">\n<div class=\"wp-block-columns is-layout-flex wp-container-core-columns-is-layout-9d6595d7 wp-block-columns-is-layout-flex\">\n<div class=\"wp-block-column is-layout-flow wp-block-column-is-layout-flow\" style=\"flex-basis:33.33%\">\n<div class=\"wp-block-image\"><figure class=\"alignright size-full\"><img loading=\"lazy\" decoding=\"async\" width=\"36\" height=\"36\" src=\"https:\/\/lesgitesdebouxhmont.com\/wp-content\/uploads\/2021\/10\/voiture-garee-2-e1634126558732.png\" alt=\"\" class=\"wp-image-973\"\/><\/figure><\/div>\n<\/div>\n\n\n\n<div class=\"wp-block-column is-layout-flow wp-block-column-is-layout-flow\" style=\"flex-basis:66.66%\">\n<h4 class=\"has-suki-color-3-color has-text-color wp-block-heading\"><strong>Parking<\/strong><\/h4>\n\n\n\n<p class=\"has-suki-color-6-color has-text-color has-small-font-size\">Un parking priv\u00e9 gratuit est disponible sur place.<\/p>\n<\/div>\n<\/div>\n\n\n\n<div class=\"wp-block-columns is-layout-flex wp-container-core-columns-is-layout-9d6595d7 wp-block-columns-is-layout-flex\">\n<div class=\"wp-block-column is-layout-flow wp-block-column-is-layout-flow\" style=\"flex-basis:33.33%\"><\/div>\n\n\n\n<div class=\"wp-block-column is-layout-flow wp-block-column-is-layout-flow\" style=\"flex-basis:66.66%\">\n<h3 class=\"has-suki-color-3-color has-text-color wp-block-heading\">Piscine int\u00e9rieure<\/h3>\n\n\n\n<h3 class=\"has-suki-color-3-color has-text-color wp-block-heading\">Salle de jeux<\/h3>\n<\/div>\n<\/div>\n\n\n\n<div class=\"wp-block-columns is-layout-flex wp-container-core-columns-is-layout-9d6595d7 wp-block-columns-is-layout-flex\">\n<div class=\"wp-block-column is-layout-flow wp-block-column-is-layout-flow\" style=\"flex-basis:33.33%\">\n<div class=\"wp-block-image\"><figure class=\"alignright size-full\"><img loading=\"lazy\" decoding=\"async\" width=\"36\" height=\"36\" src=\"https:\/\/lesgitesdebouxhmont.com\/wp-content\/uploads\/2021\/10\/wifi-40.png\" alt=\"\" class=\"wp-image-984\"\/><\/figure><\/div>\n\n\n\n<p><\/p>\n<\/div>\n\n\n\n<div class=\"wp-block-column is-layout-flow wp-block-column-is-layout-flow\" style=\"flex-basis:66.66%\">\n<h4 class=\"has-suki-color-3-color has-text-color wp-block-heading\">Internet<\/h4>\n\n\n\n<p class=\"has-suki-color-6-color has-text-color has-small-font-size\">Une connexion wifi est disponible dans tous les domaines et est gratuites.<\/p>\n<\/div>\n<\/div>\n\n\n\n<div class=\"wp-block-columns is-layout-flex wp-container-core-columns-is-layout-9d6595d7 wp-block-columns-is-layout-flex\">\n<div class=\"wp-block-column is-layout-flow wp-block-column-is-layout-flow\" style=\"flex-basis:66.66%\"><\/div>\n<\/div>\n\n\n\n<div class=\"wp-block-columns is-layout-flex wp-container-core-columns-is-layout-9d6595d7 wp-block-columns-is-layout-flex\">\n<div class=\"wp-block-column is-layout-flow wp-block-column-is-layout-flow\" style=\"flex-basis:33.33%\">\n<div class=\"wp-block-image\"><figure class=\"alignright size-full\"><img loading=\"lazy\" decoding=\"async\" width=\"36\" height=\"36\" src=\"https:\/\/lesgitesdebouxhmont.com\/wp-content\/uploads\/2021\/10\/cook.png\" alt=\"\" class=\"wp-image-982\"\/><\/figure><\/div>\n<\/div>\n\n\n\n<div class=\"wp-block-column is-layout-flow wp-block-column-is-layout-flow\" style=\"flex-basis:66.66%\">\n<h4 class=\"has-suki-color-3-color has-text-color wp-block-heading\">Cuisine et salle \u00e0 manger<\/h4>\n\n\n\n<ul class=\"wp-block-list\"><li>Machine \u00e0 caf\u00e9 Dolce Gusto<\/li><li>Percolateur<\/li><li>Bouilloire \u00e9lectrique<\/li><li>Cuisini\u00e8re <\/li><li>Four <\/li><li>Four micro onde<\/li><li>Lave-vaisselle<\/li><li>R\u00e9frig\u00e9rateur<\/li><li>Cong\u00e9lateur<\/li><li>Vaisselle<\/li><li>Ustensiles de cuisine<\/li><li>Appareil \u00e0 croque Monsieur<\/li><li>Grille pain<\/li><li>Mixeur plongeur<\/li><li>Essuies vaisselle<\/li><li>Grande table \u00e0 manger avec banc<\/li><\/ul>\n<\/div>\n<\/div>\n\n\n\n<div class=\"wp-block-columns is-layout-flex wp-container-core-columns-is-layout-9d6595d7 wp-block-columns-is-layout-flex\">\n<div class=\"wp-block-column is-layout-flow wp-block-column-is-layout-flow\" style=\"flex-basis:33.33%\"><\/div>\n\n\n\n<div class=\"wp-block-column is-layout-flow wp-block-column-is-layout-flow\" style=\"flex-basis:66.66%\">\n<h2 class=\"has-suki-color-3-color has-text-color wp-block-heading\">Espace d\u00e9tente  filet mezzanine<\/h2>\n<\/div>\n<\/div>\n\n\n\n<div class=\"wp-block-columns is-layout-flex wp-container-core-columns-is-layout-9d6595d7 wp-block-columns-is-layout-flex\">\n<div class=\"wp-block-column is-layout-flow wp-block-column-is-layout-flow\" style=\"flex-basis:33.33%\">\n<div class=\"wp-block-image\"><figure class=\"alignright size-full\"><img decoding=\"async\" src=\"https:\/\/lesgitesdebouxhmont.com\/wp-content\/uploads\/2021\/10\/disabled-people.png\" alt=\"\" class=\"wp-image-976\"\/><\/figure><\/div>\n<\/div>\n\n\n\n<div class=\"wp-block-column is-layout-flow wp-block-column-is-layout-flow\" style=\"flex-basis:66.66%\">\n<h4 class=\"has-suki-color-3-color has-text-color wp-block-heading\">Accessibilit\u00e9<\/h4>\n\n\n\n<p class=\"has-small-font-size\">\u00c9tages sup\u00e9rieurs accessibles uniquement par les escaliers.<\/p>\n<\/div>\n<\/div>\n<\/div>\n\n\n\n<div class=\"wp-block-column is-layout-flow wp-block-column-is-layout-flow\">\n<div class=\"wp-block-columns is-layout-flex wp-container-core-columns-is-layout-9d6595d7 wp-block-columns-is-layout-flex\">\n<div class=\"wp-block-column is-layout-flow wp-block-column-is-layout-flow\" style=\"flex-basis:33.33%\">\n<div class=\"wp-block-image ul{ list-style: square;}\"><figure class=\"alignright size-large is-resized\"><img loading=\"lazy\" decoding=\"async\" src=\"http:\/\/lesgitesdebouxhmont.com\/wp-content\/uploads\/2020\/06\/bed-e1593173740788.png\" alt=\"\" class=\"wp-image-210\" width=\"30\" height=\"30\"\/><\/figure><\/div>\n<\/div>\n\n\n\n<div class=\"wp-block-column is-layout-flow wp-block-column-is-layout-flow\" style=\"flex-basis:66.66%\">\n<h4 class=\"has-suki-color-3-color has-text-color wp-block-heading\">1 chambre \u00e0 coucher lit double<\/h4>\n\n\n\n<ul class=\"wp-block-list\"><li>Lit double<\/li><li>Linge de maison<\/li><li>Armoire ou penderie<\/li><li>Prise pr\u00e8s du lit<\/li><li>Parquet<\/li><li>Salle de douche<\/li><\/ul>\n<\/div>\n<\/div>\n\n\n\n<div class=\"wp-block-columns is-layout-flex wp-container-core-columns-is-layout-9d6595d7 wp-block-columns-is-layout-flex\">\n<div class=\"wp-block-column is-layout-flow wp-block-column-is-layout-flow\" style=\"flex-basis:33.33%\">\n<div class=\"wp-block-image\"><figure class=\"alignright size-full\"><img loading=\"lazy\" decoding=\"async\" width=\"30\" height=\"30\" src=\"https:\/\/lesgitesdebouxhmont.com\/wp-content\/uploads\/2020\/06\/bed-e1593173740788.png\" alt=\"\" class=\"wp-image-210\"\/><\/figure><\/div>\n<\/div>\n\n\n\n<div class=\"wp-block-column is-layout-flow wp-block-column-is-layout-flow\" style=\"flex-basis:66.66%\">\n<h4 class=\"has-suki-color-3-color has-text-color wp-block-heading\">1 chambre \u00e0 coucher 2 lits<\/h4>\n\n\n\n<ul class=\"wp-block-list\"><li>2 lits<\/li><li>Linge de maison<\/li><li>Armoire ou penderie<\/li><li>Prise \u00e9lectrique pr\u00e8s du lit<\/li><li>Parquet<\/li><li>Salle de bain<\/li><\/ul>\n<\/div>\n<\/div>\n\n\n\n<div class=\"wp-block-columns is-layout-flex wp-container-core-columns-is-layout-9d6595d7 wp-block-columns-is-layout-flex\">\n<div class=\"wp-block-column is-layout-flow wp-block-column-is-layout-flow\" style=\"flex-basis:33.33%\">\n<div class=\"wp-block-image\"><figure class=\"alignright size-full\"><img loading=\"lazy\" decoding=\"async\" width=\"30\" height=\"30\" src=\"https:\/\/lesgitesdebouxhmont.com\/wp-content\/uploads\/2020\/06\/bed-e1593173740788.png\" alt=\"\" class=\"wp-image-210\"\/><\/figure><\/div>\n<\/div>\n\n\n\n<div class=\"wp-block-column is-layout-flow wp-block-column-is-layout-flow\" style=\"flex-basis:66.66%\">\n<h4 class=\"has-suki-color-3-color has-text-color wp-block-heading\">1 chambre \u00e0 coucher 3 lits<\/h4>\n\n\n\n<ul class=\"wp-block-list\"><li>3 lits<\/li><li>Linge de maison<\/li><li>Armoire ou penderie<\/li><li>Prise pr\u00e8s du lit<\/li><li>Parquet<\/li><li>Salle de douche<\/li><\/ul>\n\n\n\n<div class=\"wp-block-columns is-layout-flex wp-container-core-columns-is-layout-9d6595d7 wp-block-columns-is-layout-flex\">\n<div class=\"wp-block-column is-layout-flow wp-block-column-is-layout-flow\">\n<h3 class=\"has-suki-color-3-color has-text-color wp-block-heading\">Lit b\u00e9b\u00e9 sur demande<\/h3>\n<\/div>\n<\/div>\n<\/div>\n<\/div>\n\n\n\n<div class=\"wp-block-columns is-layout-flex wp-container-core-columns-is-layout-9d6595d7 wp-block-columns-is-layout-flex\">\n<div class=\"wp-block-column is-layout-flow wp-block-column-is-layout-flow\" style=\"flex-basis:33.33%\">\n<div class=\"wp-block-image\"><figure class=\"alignright size-full\"><img loading=\"lazy\" decoding=\"async\" width=\"36\" height=\"36\" src=\"https:\/\/lesgitesdebouxhmont.com\/wp-content\/uploads\/2021\/10\/salon-1.png\" alt=\"\" class=\"wp-image-975\"\/><\/figure><\/div>\n<\/div>\n\n\n\n<div class=\"wp-block-column is-layout-flow wp-block-column-is-layout-flow\" style=\"flex-basis:66.66%\">\n<h4 class=\"has-suki-color-3-color has-text-color wp-block-heading\">Salon<\/h4>\n\n\n\n<ul class=\"wp-block-list\"><li>Salon en coin<\/li><li>Divan convertible <\/li><\/ul>\n<\/div>\n<\/div>\n\n\n\n<div class=\"wp-block-columns is-layout-flex wp-container-core-columns-is-layout-9d6595d7 wp-block-columns-is-layout-flex\">\n<div class=\"wp-block-column is-layout-flow wp-block-column-is-layout-flow\" style=\"flex-basis:33.33%\">\n<div class=\"wp-block-image\"><figure class=\"alignright size-full\"><img loading=\"lazy\" decoding=\"async\" width=\"36\" height=\"36\" src=\"https:\/\/lesgitesdebouxhmont.com\/wp-content\/uploads\/2021\/10\/smart-tv.png\" alt=\"\" class=\"wp-image-979\"\/><\/figure><\/div>\n<\/div>\n\n\n\n<div class=\"wp-block-column is-layout-flow wp-block-column-is-layout-flow\" style=\"flex-basis:66.66%\">\n<h4 class=\"has-suki-color-3-color has-text-color wp-block-heading\">M\u00e9dia et technologie<\/h4>\n\n\n\n<ul class=\"wp-block-list\"><li>T\u00e9l\u00e9 \u00e0 \u00e9cran plat<\/li><\/ul>\n\n\n\n<p><\/p>\n<\/div>\n<\/div>\n\n\n\n<div class=\"wp-block-columns is-layout-flex wp-container-core-columns-is-layout-9d6595d7 wp-block-columns-is-layout-flex\">\n<div class=\"wp-block-column is-layout-flow wp-block-column-is-layout-flow\" style=\"flex-basis:66.66%\">\n<p><\/p>\n<\/div>\n<\/div>\n<\/div>\n<\/div>\n\n\n\n<p class=\"has-text-align-center has-suki-color-3-color has-text-color\"><strong><a href=\"https:\/\/lesgitesdebouxhmont.com\/le-fenil\/\">&lt;&lt;PAGE PR\u00c9C\u00c9DENTE<\/a><\/strong><\/p>\n","protected":false},"excerpt":{"rendered":"<p>Liste d\u00e9taill\u00e9e des \u00e9quipements Parking Un parking priv\u00e9 gratuit est disponible sur place. Piscine int\u00e9rieure Salle de jeux Internet Une connexion wifi est disponible dans tous les domaines et est gratuites. Cuisine et salle \u00e0 manger Machine \u00e0 caf\u00e9 Dolce Gusto Percolateur Bouilloire \u00e9lectrique Cuisini\u00e8re Four Four micro onde Lave-vaisselle R\u00e9frig\u00e9rateur Cong\u00e9lateur Vaisselle Ustensiles de &hellip;<\/p>\n","protected":false},"author":1,"featured_media":0,"parent":0,"menu_order":0,"comment_status":"closed","ping_status":"closed","template":"","meta":{"_monsterinsights_skip_tracking":false,"_monsterinsights_sitenote_active":false,"_monsterinsights_sitenote_note":"","_monsterinsights_sitenote_category":0,"footnotes":""},"class_list":["post-955","page","type-page","status-publish","hentry"],"yoast_head":"<!-- This site is optimized with the Yoast SEO plugin v27.4 - https:\/\/yoast.com\/product\/yoast-seo-wordpress\/ -->\n<title>Liste d\u00e9taill\u00e9e des \u00e9quipements - Les g\u00eetes de Bouxhmont<\/title>\n<meta name=\"robots\" content=\"index, follow, max-snippet:-1, max-image-preview:large, max-video-preview:-1\" \/>\n<link rel=\"canonical\" href=\"https:\/\/lesgitesdebouxhmont.com\/?page_id=955\" \/>\n<meta property=\"og:locale\" content=\"fr_FR\" \/>\n<meta property=\"og:type\" content=\"article\" \/>\n<meta property=\"og:title\" content=\"Liste d\u00e9taill\u00e9e des \u00e9quipements - Les g\u00eetes de Bouxhmont\" \/>\n<meta property=\"og:description\" content=\"Liste d\u00e9taill\u00e9e des \u00e9quipements Parking Un parking priv\u00e9 gratuit est disponible sur place. Piscine int\u00e9rieure Salle de jeux Internet Une connexion wifi est disponible dans tous les domaines et est gratuites. Cuisine et salle \u00e0 manger Machine \u00e0 caf\u00e9 Dolce Gusto Percolateur Bouilloire \u00e9lectrique Cuisini\u00e8re Four Four micro onde Lave-vaisselle R\u00e9frig\u00e9rateur Cong\u00e9lateur Vaisselle Ustensiles de &hellip;\" \/>\n<meta property=\"og:url\" content=\"https:\/\/lesgitesdebouxhmont.com\/?page_id=955\" \/>\n<meta property=\"og:site_name\" content=\"Les g\u00eetes de Bouxhmont\" \/>\n<meta property=\"article:publisher\" content=\"https:\/\/www.facebook.com\/Les-g%c3%aetes-de-Bouxhmont-111452740537296\/\" \/>\n<meta property=\"article:modified_time\" content=\"2021-10-13T13:13:38+00:00\" \/>\n<meta property=\"og:image\" content=\"https:\/\/lesgitesdebouxhmont.com\/wp-content\/uploads\/2021\/10\/voiture-garee-2-e1634126558732.png\" \/>\n<meta name=\"twitter:card\" content=\"summary_large_image\" \/>\n<meta name=\"twitter:label1\" content=\"Dur\u00e9e de lecture estim\u00e9e\" \/>\n\t<meta name=\"twitter:data1\" content=\"3 minutes\" \/>\n<script type=\"application\/ld+json\" class=\"yoast-schema-graph\">{\"@context\":\"https:\\\/\\\/schema.org\",\"@graph\":[{\"@type\":\"WebPage\",\"@id\":\"https:\\\/\\\/lesgitesdebouxhmont.com\\\/?page_id=955\",\"url\":\"https:\\\/\\\/lesgitesdebouxhmont.com\\\/?page_id=955\",\"name\":\"Liste d\u00e9taill\u00e9e des \u00e9quipements - Les g\u00eetes de Bouxhmont\",\"isPartOf\":{\"@id\":\"https:\\\/\\\/lesgitesdebouxhmont.com\\\/#website\"},\"primaryImageOfPage\":{\"@id\":\"https:\\\/\\\/lesgitesdebouxhmont.com\\\/?page_id=955#primaryimage\"},\"image\":{\"@id\":\"https:\\\/\\\/lesgitesdebouxhmont.com\\\/?page_id=955#primaryimage\"},\"thumbnailUrl\":\"https:\\\/\\\/lesgitesdebouxhmont.com\\\/wp-content\\\/uploads\\\/2021\\\/10\\\/voiture-garee-2-e1634126558732.png\",\"datePublished\":\"2021-10-13T09:52:41+00:00\",\"dateModified\":\"2021-10-13T13:13:38+00:00\",\"breadcrumb\":{\"@id\":\"https:\\\/\\\/lesgitesdebouxhmont.com\\\/?page_id=955#breadcrumb\"},\"inLanguage\":\"fr-FR\",\"potentialAction\":[{\"@type\":\"ReadAction\",\"target\":[\"https:\\\/\\\/lesgitesdebouxhmont.com\\\/?page_id=955\"]}]},{\"@type\":\"ImageObject\",\"inLanguage\":\"fr-FR\",\"@id\":\"https:\\\/\\\/lesgitesdebouxhmont.com\\\/?page_id=955#primaryimage\",\"url\":\"https:\\\/\\\/lesgitesdebouxhmont.com\\\/wp-content\\\/uploads\\\/2021\\\/10\\\/voiture-garee-2-e1634126558732.png\",\"contentUrl\":\"https:\\\/\\\/lesgitesdebouxhmont.com\\\/wp-content\\\/uploads\\\/2021\\\/10\\\/voiture-garee-2-e1634126558732.png\",\"width\":36,\"height\":36},{\"@type\":\"BreadcrumbList\",\"@id\":\"https:\\\/\\\/lesgitesdebouxhmont.com\\\/?page_id=955#breadcrumb\",\"itemListElement\":[{\"@type\":\"ListItem\",\"position\":1,\"name\":\"Accueil\",\"item\":\"https:\\\/\\\/lesgitesdebouxhmont.com\\\/\"},{\"@type\":\"ListItem\",\"position\":2,\"name\":\"Liste d\u00e9taill\u00e9e des \u00e9quipements\"}]},{\"@type\":\"WebSite\",\"@id\":\"https:\\\/\\\/lesgitesdebouxhmont.com\\\/#website\",\"url\":\"https:\\\/\\\/lesgitesdebouxhmont.com\\\/\",\"name\":\"Les g\u00eetes de Bouxhmont\",\"description\":\"\",\"potentialAction\":[{\"@type\":\"SearchAction\",\"target\":{\"@type\":\"EntryPoint\",\"urlTemplate\":\"https:\\\/\\\/lesgitesdebouxhmont.com\\\/?s={search_term_string}\"},\"query-input\":{\"@type\":\"PropertyValueSpecification\",\"valueRequired\":true,\"valueName\":\"search_term_string\"}}],\"inLanguage\":\"fr-FR\"}]}<\/script>\n<!-- \/ Yoast SEO plugin. -->","yoast_head_json":{"title":"Liste d\u00e9taill\u00e9e des \u00e9quipements - Les g\u00eetes de Bouxhmont","robots":{"index":"index","follow":"follow","max-snippet":"max-snippet:-1","max-image-preview":"max-image-preview:large","max-video-preview":"max-video-preview:-1"},"canonical":"https:\/\/lesgitesdebouxhmont.com\/?page_id=955","og_locale":"fr_FR","og_type":"article","og_title":"Liste d\u00e9taill\u00e9e des \u00e9quipements - Les g\u00eetes de Bouxhmont","og_description":"Liste d\u00e9taill\u00e9e des \u00e9quipements Parking Un parking priv\u00e9 gratuit est disponible sur place. Piscine int\u00e9rieure Salle de jeux Internet Une connexion wifi est disponible dans tous les domaines et est gratuites. Cuisine et salle \u00e0 manger Machine \u00e0 caf\u00e9 Dolce Gusto Percolateur Bouilloire \u00e9lectrique Cuisini\u00e8re Four Four micro onde Lave-vaisselle R\u00e9frig\u00e9rateur Cong\u00e9lateur Vaisselle Ustensiles de &hellip;","og_url":"https:\/\/lesgitesdebouxhmont.com\/?page_id=955","og_site_name":"Les g\u00eetes de Bouxhmont","article_publisher":"https:\/\/www.facebook.com\/Les-g%c3%aetes-de-Bouxhmont-111452740537296\/","article_modified_time":"2021-10-13T13:13:38+00:00","og_image":[{"url":"https:\/\/lesgitesdebouxhmont.com\/wp-content\/uploads\/2021\/10\/voiture-garee-2-e1634126558732.png","type":"","width":"","height":""}],"twitter_card":"summary_large_image","twitter_misc":{"Dur\u00e9e de lecture estim\u00e9e":"3 minutes"},"schema":{"@context":"https:\/\/schema.org","@graph":[{"@type":"WebPage","@id":"https:\/\/lesgitesdebouxhmont.com\/?page_id=955","url":"https:\/\/lesgitesdebouxhmont.com\/?page_id=955","name":"Liste d\u00e9taill\u00e9e des \u00e9quipements - Les g\u00eetes de Bouxhmont","isPartOf":{"@id":"https:\/\/lesgitesdebouxhmont.com\/#website"},"primaryImageOfPage":{"@id":"https:\/\/lesgitesdebouxhmont.com\/?page_id=955#primaryimage"},"image":{"@id":"https:\/\/lesgitesdebouxhmont.com\/?page_id=955#primaryimage"},"thumbnailUrl":"https:\/\/lesgitesdebouxhmont.com\/wp-content\/uploads\/2021\/10\/voiture-garee-2-e1634126558732.png","datePublished":"2021-10-13T09:52:41+00:00","dateModified":"2021-10-13T13:13:38+00:00","breadcrumb":{"@id":"https:\/\/lesgitesdebouxhmont.com\/?page_id=955#breadcrumb"},"inLanguage":"fr-FR","potentialAction":[{"@type":"ReadAction","target":["https:\/\/lesgitesdebouxhmont.com\/?page_id=955"]}]},{"@type":"ImageObject","inLanguage":"fr-FR","@id":"https:\/\/lesgitesdebouxhmont.com\/?page_id=955#primaryimage","url":"https:\/\/lesgitesdebouxhmont.com\/wp-content\/uploads\/2021\/10\/voiture-garee-2-e1634126558732.png","contentUrl":"https:\/\/lesgitesdebouxhmont.com\/wp-content\/uploads\/2021\/10\/voiture-garee-2-e1634126558732.png","width":36,"height":36},{"@type":"BreadcrumbList","@id":"https:\/\/lesgitesdebouxhmont.com\/?page_id=955#breadcrumb","itemListElement":[{"@type":"ListItem","position":1,"name":"Accueil","item":"https:\/\/lesgitesdebouxhmont.com\/"},{"@type":"ListItem","position":2,"name":"Liste d\u00e9taill\u00e9e des \u00e9quipements"}]},{"@type":"WebSite","@id":"https:\/\/lesgitesdebouxhmont.com\/#website","url":"https:\/\/lesgitesdebouxhmont.com\/","name":"Les g\u00eetes de Bouxhmont","description":"","potentialAction":[{"@type":"SearchAction","target":{"@type":"EntryPoint","urlTemplate":"https:\/\/lesgitesdebouxhmont.com\/?s={search_term_string}"},"query-input":{"@type":"PropertyValueSpecification","valueRequired":true,"valueName":"search_term_string"}}],"inLanguage":"fr-FR"}]}},"_links":{"self":[{"href":"https:\/\/lesgitesdebouxhmont.com\/index.php?rest_route=\/wp\/v2\/pages\/955","targetHints":{"allow":["GET"]}}],"collection":[{"href":"https:\/\/lesgitesdebouxhmont.com\/index.php?rest_route=\/wp\/v2\/pages"}],"about":[{"href":"https:\/\/lesgitesdebouxhmont.com\/index.php?rest_route=\/wp\/v2\/types\/page"}],"author":[{"embeddable":true,"href":"https:\/\/lesgitesdebouxhmont.com\/index.php?rest_route=\/wp\/v2\/users\/1"}],"replies":[{"embeddable":true,"href":"https:\/\/lesgitesdebouxhmont.com\/index.php?rest_route=%2Fwp%2Fv2%2Fcomments&post=955"}],"version-history":[{"count":12,"href":"https:\/\/lesgitesdebouxhmont.com\/index.php?rest_route=\/wp\/v2\/pages\/955\/revisions"}],"predecessor-version":[{"id":995,"href":"https:\/\/lesgitesdebouxhmont.com\/index.php?rest_route=\/wp\/v2\/pages\/955\/revisions\/995"}],"wp:attachment":[{"href":"https:\/\/lesgitesdebouxhmont.com\/index.php?rest_route=%2Fwp%2Fv2%2Fmedia&parent=955"}],"curies":[{"name":"wp","href":"https:\/\/api.w.org\/{rel}","templated":true}]}}